{"id":1456,"date":"2020-12-01T15:59:01","date_gmt":"2020-12-01T15:59:01","guid":{"rendered":"https:\/\/360advisoring.com\/inicio\/"},"modified":"2022-11-14T13:08:07","modified_gmt":"2022-11-14T13:08:07","slug":"home","status":"publish","type":"page","link":"https:\/\/360advisoring.com\/fr\/","title":{"rendered":"Home"},"content":{"rendered":"<h1>Bienvenue \u00e0 <br \/>360\u00ba ADVISORING<\/h1>\n<h2>Votre Conseil Personnel En ANDORRE<\/h2>\n<h4>\n\t\t\t\t\t\tProfessionnalisme et Engagement<br \/>\n\t\t\t\t<\/h4>\n<h4>\n\t\t\t\t\t\tConfiance et <br \/>Honn\u00eatet\u00e9<br \/>\n\t\t\t\t<\/h4>\n<h4>\n\t\t\t\t\t\tUn Traitement Proche et Personnalis\u00e9<br \/>\n\t\t\t\t<\/h4>\n<h4>\n\t\t\t\t\t\tEfficacit\u00e9 et <br \/>Satisfaction<br \/>\n\t\t\t\t<\/h4>\n<p>\t\t\t\t\t\t\t\t\t\t\t\t<img src=\"https:\/\/360advisoring.com\/wp-content\/uploads\/elementor\/thumbs\/finishing-to-successful-deal-of-real-estate-pwk26i9pc7e78w5ghh5njc9alz9h2yvzbg980mpqo0.jpg\" title=\"Finishing to successful deal of real estate\" alt=\"Finishing to successful deal of real estate\" \/><br \/>\n\t\t\t360 advisoring\t\t<\/p>\n<h2>Vivre en Andorre, nous vous accompagnons tout au long du processus<\/h2>\n<p>Nous connaissons l&rsquo;importance de changer votre r\u00e9sidence dans un autre pays et les implications pour votre famille, c&rsquo;est pourquoi la chose la plus importante pour nous, ce sont les gens. Notre priorit\u00e9 est de vous offrir un traitement de proximit\u00e9, personnalis\u00e9 et professionnel, et de vous accompagner tout au long du processus pour atteindre votre enti\u00e8re satisfaction.<\/p>\n<p>\t\t\tQU&rsquo;OFFRONS-NOUS?\t\t<\/p>\n<h2>Nos services<\/h2>\n<p>\t\t\t\t<a href=\"https:\/\/360advisoring.com\/servicios\/requisitos-para-la-obtencion-de-la-residencia-en-andorra\/\"><br \/>\n\t\t\t\t\t\t\t\t<\/a><\/p>\n<h4>\n\t\t\t\t\t<a href=\"https:\/\/360advisoring.com\/servicios\/requisitos-para-la-obtencion-de-la-residencia-en-andorra\/\" ><br \/>\n\t\t\t\t\t\tR\u00e9sider en <br \/> Andorre\t\t\t\t\t<\/a><br \/>\n\t\t\t\t<\/h4>\n<p>\t\t\t\t<a href=\"https:\/\/360advisoring.com\/servicios\/como-crear-una-empresa-en-andorra\/\"><br \/>\n\t\t\t\t\t\t\t\t<\/a><\/p>\n<h4>\n\t\t\t\t\t<a href=\"https:\/\/360advisoring.com\/servicios\/como-crear-una-empresa-en-andorra\/\" ><br \/>\n\t\t\t\t\t\tCr\u00e9er une <br \/> Entreprise\t\t\t\t\t<\/a><br \/>\n\t\t\t\t<\/h4>\n<p>\t\t\t\t<a href=\"https:\/\/360advisoring.com\/servicios\/agente-real-estate-arquitectura\/\"><br \/>\n\t\t\t\t\t\t\t\t<\/a><\/p>\n<h4>\n\t\t\t\t\t<a href=\"https:\/\/360advisoring.com\/servicios\/agente-real-estate-arquitectura\/\" ><br \/>\n\t\t\t\t\t\tImmobilier &#038; Architecture \t\t\t\t\t<\/a><br \/>\n\t\t\t\t<\/h4>\n<p>\t\t\t\t<a href=\"https:\/\/360advisoring.com\/servicios\/asesoramiento-discrecional-de-patrimonios\/\"><br \/>\n\t\t\t\t\t\t\t\t<\/a><\/p>\n<h4>\n\t\t\t\t\t<a href=\"https:\/\/360advisoring.com\/servicios\/asesoramiento-discrecional-de-patrimonios\/\" ><br \/>\n\t\t\t\t\t\tGestion de <br \/>Patrimoine \t\t\t\t\t<\/a><br \/>\n\t\t\t\t<\/h4>\n<p>\t\t\tBlog\t\t<\/p>\n<h2>Derni\u00e8res nouvelles<\/h2>\n<h2>Nous r\u00e9solvons vos doutes<\/h2>\n<p>Exposez-nous votre situation et nous vous pr\u00e9senterons la solution la plus appropri\u00e9e<\/p>\n<p>\t\t\t<a role=\"button\"><br \/>\n\t\t\t\t\t\tContactez-nous<br \/>\n\t\t\t\t\t<\/a><\/p>\n","protected":false},"excerpt":{"rendered":"<p>Bienvenue \u00e0 360\u00ba ADVISORING Votre Conseil Personnel En ANDORRE Professionnalisme et Engagement Confiance et Honn\u00eatet\u00e9 Un Traitement Proche et Personnalis\u00e9 Efficacit\u00e9 et Satisfaction 360 advisoring Vivre en Andorre, nous vous accompagnons tout au long du processus Nous connaissons l&rsquo;importance de changer votre r\u00e9sidence dans un autre pays et les implications pour votre famille, c&rsquo;est pourquoi [&hellip;]<\/p>\n","protected":false},"author":1,"featured_media":1297,"parent":0,"menu_order":0,"comment_status":"closed","ping_status":"closed","template":"elementor_header_footer","meta":[],"yoast_head":"<!-- This site is optimized with the Yoast SEO plugin v19.9 - https:\/\/yoast.com\/wordpress\/plugins\/seo\/ -->\n<title>360Advisoring | Gestor\u00eda y Asesor\u00eda.<\/title>\n<meta name=\"description\" content=\"Ofrecemos gran variedad de servicios, que van desde el establecimiento de residencias en Andorra, inversi\u00f3n extranjera, creaci\u00f3n de empresas, gesti\u00f3n contable y fiscal y asesoramiento en la Gesti\u00f3n de Patrimonios.\" \/>\n<meta name=\"robots\" content=\"index, follow, max-snippet:-1, max-image-preview:large, max-video-preview:-1\" \/>\n<link rel=\"canonical\" href=\"https:\/\/360advisoring.com\/fr\/\" \/>\n<meta property=\"og:locale\" content=\"fr_FR\" \/>\n<meta property=\"og:type\" content=\"article\" \/>\n<meta property=\"og:title\" content=\"360Advisoring | Gestor\u00eda y Asesor\u00eda.\" \/>\n<meta property=\"og:description\" content=\"Ofrecemos gran variedad de servicios, que van desde el establecimiento de residencias en Andorra, inversi\u00f3n extranjera, creaci\u00f3n de empresas, gesti\u00f3n contable y fiscal y asesoramiento en la Gesti\u00f3n de Patrimonios.\" \/>\n<meta property=\"og:url\" content=\"https:\/\/360advisoring.com\/fr\/\" \/>\n<meta property=\"og:site_name\" content=\"advisoring360\" \/>\n<meta property=\"article:modified_time\" content=\"2022-11-14T13:08:07+00:00\" \/>\n<meta property=\"og:image\" content=\"https:\/\/360advisoring.com\/wp-content\/uploads\/2022\/10\/logo-meta-360advisoring.png\" \/>\n\t<meta property=\"og:image:width\" content=\"512\" \/>\n\t<meta property=\"og:image:height\" content=\"512\" \/>\n\t<meta property=\"og:image:type\" content=\"image\/png\" \/>\n<meta name=\"twitter:card\" content=\"summary_large_image\" \/>\n<meta name=\"twitter:label1\" content=\"Dur\u00e9e de lecture estim\u00e9e\" \/>\n\t<meta name=\"twitter:data1\" content=\"2 minutes\" \/>\n<script type=\"application\/ld+json\" class=\"yoast-schema-graph\">{\"@context\":\"https:\/\/schema.org\",\"@graph\":[{\"@type\":\"WebPage\",\"@id\":\"https:\/\/360advisoring.com\/fr\/\",\"url\":\"https:\/\/360advisoring.com\/fr\/\",\"name\":\"360Advisoring | Gestor\u00eda y Asesor\u00eda.\",\"isPartOf\":{\"@id\":\"https:\/\/360advisoring.com\/#website\"},\"datePublished\":\"2020-12-01T15:59:01+00:00\",\"dateModified\":\"2022-11-14T13:08:07+00:00\",\"description\":\"Ofrecemos gran variedad de servicios, que van desde el establecimiento de residencias en Andorra, inversi\u00f3n extranjera, creaci\u00f3n de empresas, gesti\u00f3n contable y fiscal y asesoramiento en la Gesti\u00f3n de Patrimonios.\",\"breadcrumb\":{\"@id\":\"https:\/\/360advisoring.com\/fr\/#breadcrumb\"},\"inLanguage\":\"fr-FR\",\"potentialAction\":[{\"@type\":\"ReadAction\",\"target\":[\"https:\/\/360advisoring.com\/fr\/\"]}]},{\"@type\":\"BreadcrumbList\",\"@id\":\"https:\/\/360advisoring.com\/fr\/#breadcrumb\",\"itemListElement\":[{\"@type\":\"ListItem\",\"position\":1,\"name\":\"Portada\",\"item\":\"https:\/\/360advisoring.com\/fr\/\"},{\"@type\":\"ListItem\",\"position\":2,\"name\":\"Home\"}]},{\"@type\":\"WebSite\",\"@id\":\"https:\/\/360advisoring.com\/#website\",\"url\":\"https:\/\/360advisoring.com\/\",\"name\":\"advisoring360\",\"description\":\"Gestor&iacute;a y Asesor&iacute;a.\",\"potentialAction\":[{\"@type\":\"SearchAction\",\"target\":{\"@type\":\"EntryPoint\",\"urlTemplate\":\"https:\/\/360advisoring.com\/?s={search_term_string}\"},\"query-input\":\"required name=search_term_string\"}],\"inLanguage\":\"fr-FR\"}]}<\/script>\n<!-- \/ Yoast SEO plugin. -->","yoast_head_json":{"title":"360Advisoring | Gestor\u00eda y Asesor\u00eda.","description":"Ofrecemos gran variedad de servicios, que van desde el establecimiento de residencias en Andorra, inversi\u00f3n extranjera, creaci\u00f3n de empresas, gesti\u00f3n contable y fiscal y asesoramiento en la Gesti\u00f3n de Patrimonios.","robots":{"index":"index","follow":"follow","max-snippet":"max-snippet:-1","max-image-preview":"max-image-preview:large","max-video-preview":"max-video-preview:-1"},"canonical":"https:\/\/360advisoring.com\/fr\/","og_locale":"fr_FR","og_type":"article","og_title":"360Advisoring | Gestor\u00eda y Asesor\u00eda.","og_description":"Ofrecemos gran variedad de servicios, que van desde el establecimiento de residencias en Andorra, inversi\u00f3n extranjera, creaci\u00f3n de empresas, gesti\u00f3n contable y fiscal y asesoramiento en la Gesti\u00f3n de Patrimonios.","og_url":"https:\/\/360advisoring.com\/fr\/","og_site_name":"advisoring360","article_modified_time":"2022-11-14T13:08:07+00:00","og_image":[{"width":512,"height":512,"url":"https:\/\/360advisoring.com\/wp-content\/uploads\/2022\/10\/logo-meta-360advisoring.png","type":"image\/png"}],"twitter_card":"summary_large_image","twitter_misc":{"Dur\u00e9e de lecture estim\u00e9e":"2 minutes"},"schema":{"@context":"https:\/\/schema.org","@graph":[{"@type":"WebPage","@id":"https:\/\/360advisoring.com\/fr\/","url":"https:\/\/360advisoring.com\/fr\/","name":"360Advisoring | Gestor\u00eda y Asesor\u00eda.","isPartOf":{"@id":"https:\/\/360advisoring.com\/#website"},"datePublished":"2020-12-01T15:59:01+00:00","dateModified":"2022-11-14T13:08:07+00:00","description":"Ofrecemos gran variedad de servicios, que van desde el establecimiento de residencias en Andorra, inversi\u00f3n extranjera, creaci\u00f3n de empresas, gesti\u00f3n contable y fiscal y asesoramiento en la Gesti\u00f3n de Patrimonios.","breadcrumb":{"@id":"https:\/\/360advisoring.com\/fr\/#breadcrumb"},"inLanguage":"fr-FR","potentialAction":[{"@type":"ReadAction","target":["https:\/\/360advisoring.com\/fr\/"]}]},{"@type":"BreadcrumbList","@id":"https:\/\/360advisoring.com\/fr\/#breadcrumb","itemListElement":[{"@type":"ListItem","position":1,"name":"Portada","item":"https:\/\/360advisoring.com\/fr\/"},{"@type":"ListItem","position":2,"name":"Home"}]},{"@type":"WebSite","@id":"https:\/\/360advisoring.com\/#website","url":"https:\/\/360advisoring.com\/","name":"advisoring360","description":"Gestor&iacute;a y Asesor&iacute;a.","potentialAction":[{"@type":"SearchAction","target":{"@type":"EntryPoint","urlTemplate":"https:\/\/360advisoring.com\/?s={search_term_string}"},"query-input":"required name=search_term_string"}],"inLanguage":"fr-FR"}]}},"_links":{"self":[{"href":"https:\/\/360advisoring.com\/fr\/wp-json\/wp\/v2\/pages\/1456"}],"collection":[{"href":"https:\/\/360advisoring.com\/fr\/wp-json\/wp\/v2\/pages"}],"about":[{"href":"https:\/\/360advisoring.com\/fr\/wp-json\/wp\/v2\/types\/page"}],"author":[{"embeddable":true,"href":"https:\/\/360advisoring.com\/fr\/wp-json\/wp\/v2\/users\/1"}],"replies":[{"embeddable":true,"href":"https:\/\/360advisoring.com\/fr\/wp-json\/wp\/v2\/comments?post=1456"}],"version-history":[{"count":13,"href":"https:\/\/360advisoring.com\/fr\/wp-json\/wp\/v2\/pages\/1456\/revisions"}],"predecessor-version":[{"id":2156,"href":"https:\/\/360advisoring.com\/fr\/wp-json\/wp\/v2\/pages\/1456\/revisions\/2156"}],"wp:featuredmedia":[{"embeddable":true,"href":"https:\/\/360advisoring.com\/fr\/wp-json\/wp\/v2\/media\/1297"}],"wp:attachment":[{"href":"https:\/\/360advisoring.com\/fr\/wp-json\/wp\/v2\/media?parent=1456"}],"curies":[{"name":"wp","href":"https:\/\/api.w.org\/{rel}","templated":true}]}}