{"id":2125,"date":"2020-12-01T15:37:05","date_gmt":"2020-12-01T15:37:05","guid":{"rendered":"https:\/\/360advisoring.com\/politica-privacidad\/"},"modified":"2020-12-01T15:37:05","modified_gmt":"2020-12-01T15:37:05","slug":"politica-privacidad","status":"publish","type":"page","link":"https:\/\/360advisoring.com\/en\/politica-privacidad\/","title":{"rendered":"Pol\u00edtica de privacidad"},"content":{"rendered":"\t\t<div data-elementor-type=\"wp-page\" data-elementor-id=\"2125\" class=\"elementor elementor-2125 elementor-3\">\n\t\t\t\t\t\t<div class=\"elementor-inner\">\n\t\t\t\t<div class=\"elementor-section-wrap\">\n\t\t\t\t\t\t\t\t\t<section class=\"elementor-section elementor-top-section elementor-element elementor-element-5a22a614 elementor-section-boxed elementor-section-height-default elementor-section-height-default\" data-id=\"5a22a614\" data-element_type=\"section\">\n\t\t\t\t\t\t<div class=\"elementor-container elementor-column-gap-default\">\n\t\t\t\t\t\t\t<div class=\"elementor-row\">\n\t\t\t\t\t<div class=\"elementor-column elementor-col-100 elementor-top-column elementor-element elementor-element-3c86f3f0\" data-id=\"3c86f3f0\" data-element_type=\"column\">\n\t\t\t<div class=\"elementor-column-wrap elementor-element-populated\">\n\t\t\t\t\t\t\t<div class=\"elementor-widget-wrap\">\n\t\t\t\t\t\t<div class=\"elementor-element elementor-element-51267abb elementor-widget elementor-widget-text-editor\" data-id=\"51267abb\" data-element_type=\"widget\" data-widget_type=\"text-editor.default\">\n\t\t\t\t<div class=\"elementor-widget-container\">\n\t\t\t\t\t\t\t\t<div class=\"elementor-text-editor elementor-clearfix\">\n\t\t\t\t<p><b>Pol\u00edtica de Privacidad y Cookies<\/b><\/p><p>La privacidad es de gran importancia para <span style=\"font-weight: 400;\">360 Advisoring <\/span>y queremos mantener una actitud abierta y transparente al tratar sus datos personales. Por lo tanto, disponemos de una pol\u00edtica que establece c\u00f3mo se tratan y protegen sus datos personales.<\/p><p><b>\u00bfQui\u00e9n es el responsable del tratamiento de sus datos?<\/b><\/p><p>Nombre: <span style=\"font-weight: 400;\">360 Advisoring<\/span><\/p><p>CIF: 931031X<\/p><p>Dir.Postal: Av\/Fiter i Rossel 45, 1-2, AD700 Escaldes<\/p><p>E-mail: <span style=\"font-weight: 400;\">jordigil360@gmail.com<\/span><\/p><p><b>\u00bfCon qu\u00e9 finalidad tratamos sus datos personales?<\/b><\/p><p>En <span style=\"font-weight: 400;\">360 Advisoring <\/span>tratamos la informaci\u00f3n que nos facilitan las personas interesadas con el fin de realizar la gesti\u00f3n administrativa, contable y fiscal de los servicios solicitados, as\u00ed como enviar comunicaciones comerciales sobre nuestros productos y servicios, para cuyo consentimiento usted haya prestado.<\/p><p><b>\u00bfPor cu\u00e1nto tiempo conservaremos sus datos?\u00a0<\/b><\/p><p>Los datos se conservar\u00e1n mientras se mantenga la relaci\u00f3n comercial, y en su caso, durante los a\u00f1os necesarios para cumplir con las obligaciones legales que resulte de aplicaci\u00f3n.<\/p><p><b>\u00bfCu\u00e1l es la legitimaci\u00f3n para el tratamiento de sus datos?<\/b><\/p><p>Le indicamos la base legal para el tratamiento de sus datos:<\/p><p>&#8211; Ejecuci\u00f3n de un contrato: Prestaci\u00f3n de los servicios solicitados.<\/p><p>&#8211; Consentimiento del interesado: Env\u00edo de comunicaciones comerciales.<\/p><p><b>\u00bfA qu\u00e9 destinatarios se comunicar\u00e1n sus datos?<\/b><\/p><p>\u00danicamente se ceder\u00e1n sus datos a los terceros para los cuales hemos recabado debidamente su consentimiento, as\u00ed como para dar cumplimiento a las obligaciones legales.<\/p><p>Transferencias de datos a terceros pa\u00edses.<\/p><p>No est\u00e1n previstas transferencias de datos a terceros pa\u00edses.<\/p><p><b>\u00bfCu\u00e1les son sus derechos cuando nos facilita sus datos?\u00a0<\/b><\/p><p>Cualquier persona tiene derecho a obtener confirmaci\u00f3n sobre si en <span style=\"font-weight: 400;\">360 Advisoring <\/span>estamos tratando datos personales que les conciernan, o no.<\/p><p>Las personas interesadas tienen derecho a acceder a sus datos personales, as\u00ed como a solicitar la rectificaci\u00f3n de los datos inexactos o, en su caso, solicitar su supresi\u00f3n cuando, entre otros motivos, los datos ya no sea necesarios para los fines que fueron recogidos.<\/p><p>En determinadas circunstancias, los interesados podr\u00e1n solicitar la limitaci\u00f3n del tratamiento de sus datos, en cuyo caso \u00fanicamente los conservaremos para el ejercicio o la defensa de reclamaciones.<\/p><p>En determinadas circunstancias y por motivos relacionados con su situaci\u00f3n particular, los interesados podr\u00e1n oponerse al tratamiento de sus datos.<\/p><p>En este caso, <span style=\"font-weight: 400;\">360 Advisoring <\/span>dejar\u00e1 de tratar los datos, salvo por motivos leg\u00edtimos imperiosos, o el ejercicio o la defensa de posibles reclamaciones.<\/p><p>Podr\u00e1 ejercitar materialmente sus derechos de la siguiente forma: dirigi\u00e9ndose a la direcci\u00f3n de correo electr\u00f3nico del responsable del tratamiento rese\u00f1ado anteriormente adjuntando copia de su DNI o documento de identidad.<\/p><p>Si ha otorgado su consentimiento para alguna finalidad concreta, tiene derecho a retirar el consentimiento otorgado en cualquier momento, sin que ello afecte a la licitud del tratamiento basado en el consentimiento previo a su retirada.<\/p><p>En caso de que sienta vulnerados sus derechos en lo concerniente a la protecci\u00f3n de sus datos personales, especialmente cuando no haya obtenido satisfacci\u00f3n en el ejercicio de sus derechos, puede presentar una reclamaci\u00f3n ante la Autoridad de Control en materia de Protecci\u00f3n de Datos competente a trav\u00e9s de su sitio web: www.agpd.es.<\/p><p><b>\u00bfC\u00f3mo hemos obtenido sus datos?<\/b><\/p><p>Los datos personales que tratamos en <span style=\"font-weight: 400;\">360 Advisoring <\/span>han sido directamente proporcionados por el interesado.<\/p><p>Las categor\u00edas de datos que se tratan son:<\/p><p>&#8211; Datos identificativos<\/p><p>&#8211; Direcciones postales y electr\u00f3nicas<\/p><p>&#8211; Informaci\u00f3n comercial.<\/p><p style=\"font-size: 18px; text-align: left; letter-spacing: -0.27px;\"><b style=\"font-size: inherit; text-align: inherit; font-family: var( --e-global-typography-text-font-family ), Sans-serif; letter-spacing: -0.015em;\">\u00bfQu\u00e9 son las cookies?<\/b><\/p><p>Las Cookies son ficheros enviados a un navegador por medio de un servidor web para registrar las actividades del usuario en una web determinada. La finalidad principal de las Cookies es la de facilitar al usuario un acceso m\u00e1s r\u00e1pido a los servicios seleccionados y una experiencia personalizada de navegaci\u00f3n. Adem\u00e1s, las Cookies pueden servir para ayudar al responsable de la web a conocer el tr\u00e1fico que tiene su web, qui\u00e9n es su audiencia y c\u00f3mo mejorarla.<\/p><p><b>\u00bfPor qu\u00e9 utilizo estas cookies si no las puedo comer?<\/b><\/p><p>Mi web utiliza cookies gestionadas por terceros, como WordPress, Elementor.<\/p><p>Yo soy solo un usuario del servicio de alojamiento y edici\u00f3n de webs prestado por WordPress.com, una marca de Automattic, Inc, y de la herramienta Elementor (de la compa\u00f1\u00eda<\/p><p>Elementor Inc.).<br \/>Automattic, Inc. y Elementor Inc. utilizan cookies propias y de terceros que esta web no tiene contratadas.<\/p><p>No tengo acceso, ni gestiono, ni controlo los datos que el usuario pueda suministrar a Automattic, Inc. o a Elementor Inc. a trav\u00e9s de cookies.<\/p><p>Esta web utiliza las siguientes cookies:<\/p><p>Wp_consent_* \u2013 Utilizada para almacenar preferencias de consentimiento de cookies \u2013 Duraci\u00f3n: 1 mes<\/p><p>Elementor \u2013 Utilizada para almacenar acciones realizadas por el usuario \u2013 Duraci\u00f3n: persistente<\/p><p><b>\u00bfC\u00f3mo puedes controlar las cookies?<br \/><\/b>Tienes derecho a decidir si aceptas o rechazas las cookies. Las cookies esenciales no pueden rechazarse ya que son estrictamente necesarias para que la web funcione. Puedes restringir, bloquear o borrar las cookies de la web utilizando tu navegador. En cada navegador la operativa es diferente, as\u00ed que ahora te doy los enlaces a los principales navegadores sobre c\u00f3mo realizar dichas modificaciones:<\/p><p>\u2022 Internet Explorer<br \/>\u2022 Firefox<br \/>\u2022 Chrome<br \/>\u2022 Safari<\/p><p>De acuerdo con lo establecido en la normativa espa\u00f1ola y de la Uni\u00f3n Europea, no ser\u00e1 necesario tu consentimiento cuando el almacenamiento o acceso relativos a las cookies sean de \u00edndole t\u00e9cnica al solo fin de efectuar la transmisi\u00f3n de una comunicaci\u00f3n por una red de comunicaciones electr\u00f3nicas o, en la medida que resulte estrictamente necesario, para la prestaci\u00f3n de un servicio de la sociedad de la informaci\u00f3n expresamente solicitado por el destinatario.<\/p><table id=\"CookieTable\" class=\"table table-striped table-bordered mb-5\"><thead><tr><th scope=\"col\"><span style=\"font-weight: 400;\">Cookie<\/span><\/th><th scope=\"col\"><span style=\"font-weight: 400;\">Domain<\/span><\/th><th scope=\"col\"><span style=\"font-weight: 400;\">Description<\/span><\/th><th scope=\"col\"><span style=\"font-weight: 400;\">Duration<\/span><\/th><th scope=\"col\"><span style=\"font-weight: 400;\">Type<\/span><\/th><\/tr><\/thead><tbody><tr><td>PHPSESSID<\/td><td>plantillamaster.com.mialias.net<\/td><td>This cookie is native to PHP applications. The cookie is used to store and identify a users&#8217; unique session ID for the purpose of managing user session on the website. The cookie is a session cookies and is deleted when all the browser windows are closed.<\/td><td>session<\/td><td>Necessary<\/td><\/tr><\/tbody><\/table>\t\t\t\t\t<\/div>\n\t\t\t\t\t\t<\/div>\n\t\t\t\t<\/div>\n\t\t\t\t\t\t<\/div>\n\t\t\t\t\t<\/div>\n\t\t<\/div>\n\t\t\t\t\t\t\t\t<\/div>\n\t\t\t\t\t<\/div>\n\t\t<\/section>\n\t\t\t\t\t\t\t\t\t<\/div>\n\t\t\t<\/div>\n\t\t\t\t\t<\/div>\n\t\t","protected":false},"excerpt":{"rendered":"<p>Pol\u00edtica de Privacidad y Cookies La privacidad es de gran importancia para 360 Advisoring y queremos mantener una actitud abierta y transparente al tratar sus datos personales. Por lo tanto, disponemos de una pol\u00edtica que establece c\u00f3mo se tratan y protegen sus datos personales. \u00bfQui\u00e9n es el responsable del tratamiento de sus datos? Nombre: 360 [&hellip;]<\/p>\n","protected":false},"author":1,"featured_media":0,"parent":0,"menu_order":0,"comment_status":"closed","ping_status":"closed","template":"elementor_header_footer","meta":[],"yoast_head":"<!-- This site is optimized with the Yoast SEO plugin v19.9 - https:\/\/yoast.com\/wordpress\/plugins\/seo\/ -->\n<title>Pol\u00edtica de privacidad<\/title>\n<meta name=\"description\" content=\"Pol\u00edtica de Privacidad y CookiesLa privacidad es de gran importancia para 360 Advisoring y queremos mantener una actitud abierta y transparente al tratar\" \/>\n<meta name=\"robots\" content=\"index, follow, max-snippet:-1, max-image-preview:large, max-video-preview:-1\" \/>\n<link rel=\"canonical\" href=\"https:\/\/360advisoring.com\/en\/politica-privacidad\/\" \/>\n<meta property=\"og:locale\" content=\"en_US\" \/>\n<meta property=\"og:type\" content=\"article\" \/>\n<meta property=\"og:title\" content=\"Pol\u00edtica de privacidad\" \/>\n<meta property=\"og:description\" content=\"Pol\u00edtica de Privacidad y CookiesLa privacidad es de gran importancia para 360 Advisoring y queremos mantener una actitud abierta y transparente al tratar\" \/>\n<meta property=\"og:url\" content=\"https:\/\/360advisoring.com\/en\/politica-privacidad\/\" \/>\n<meta property=\"og:site_name\" content=\"advisoring360\" \/>\n<meta name=\"twitter:card\" content=\"summary_large_image\" \/>\n<meta name=\"twitter:label1\" content=\"Est. reading time\" \/>\n\t<meta name=\"twitter:data1\" content=\"5 minutes\" \/>\n<script type=\"application\/ld+json\" class=\"yoast-schema-graph\">{\"@context\":\"https:\/\/schema.org\",\"@graph\":[{\"@type\":\"WebPage\",\"@id\":\"https:\/\/360advisoring.com\/en\/politica-privacidad\/\",\"url\":\"https:\/\/360advisoring.com\/en\/politica-privacidad\/\",\"name\":\"Pol\u00edtica de privacidad\",\"isPartOf\":{\"@id\":\"https:\/\/360advisoring.com\/#website\"},\"datePublished\":\"2020-12-01T15:37:05+00:00\",\"dateModified\":\"2020-12-01T15:37:05+00:00\",\"description\":\"Pol\u00edtica de Privacidad y CookiesLa privacidad es de gran importancia para 360 Advisoring y queremos mantener una actitud abierta y transparente al tratar\",\"breadcrumb\":{\"@id\":\"https:\/\/360advisoring.com\/en\/politica-privacidad\/#breadcrumb\"},\"inLanguage\":\"en-US\",\"potentialAction\":[{\"@type\":\"ReadAction\",\"target\":[\"https:\/\/360advisoring.com\/en\/politica-privacidad\/\"]}]},{\"@type\":\"BreadcrumbList\",\"@id\":\"https:\/\/360advisoring.com\/en\/politica-privacidad\/#breadcrumb\",\"itemListElement\":[{\"@type\":\"ListItem\",\"position\":1,\"name\":\"Portada\",\"item\":\"https:\/\/360advisoring.com\/en\/\"},{\"@type\":\"ListItem\",\"position\":2,\"name\":\"Pol\u00edtica de privacidad\"}]},{\"@type\":\"WebSite\",\"@id\":\"https:\/\/360advisoring.com\/#website\",\"url\":\"https:\/\/360advisoring.com\/\",\"name\":\"advisoring360\",\"description\":\"Gestor&iacute;a y Asesor&iacute;a.\",\"potentialAction\":[{\"@type\":\"SearchAction\",\"target\":{\"@type\":\"EntryPoint\",\"urlTemplate\":\"https:\/\/360advisoring.com\/?s={search_term_string}\"},\"query-input\":\"required name=search_term_string\"}],\"inLanguage\":\"en-US\"}]}<\/script>\n<!-- \/ Yoast SEO plugin. -->","yoast_head_json":{"title":"Pol\u00edtica de privacidad","description":"Pol\u00edtica de Privacidad y CookiesLa privacidad es de gran importancia para 360 Advisoring y queremos mantener una actitud abierta y transparente al tratar","robots":{"index":"index","follow":"follow","max-snippet":"max-snippet:-1","max-image-preview":"max-image-preview:large","max-video-preview":"max-video-preview:-1"},"canonical":"https:\/\/360advisoring.com\/en\/politica-privacidad\/","og_locale":"en_US","og_type":"article","og_title":"Pol\u00edtica de privacidad","og_description":"Pol\u00edtica de Privacidad y CookiesLa privacidad es de gran importancia para 360 Advisoring y queremos mantener una actitud abierta y transparente al tratar","og_url":"https:\/\/360advisoring.com\/en\/politica-privacidad\/","og_site_name":"advisoring360","twitter_card":"summary_large_image","twitter_misc":{"Est. reading time":"5 minutes"},"schema":{"@context":"https:\/\/schema.org","@graph":[{"@type":"WebPage","@id":"https:\/\/360advisoring.com\/en\/politica-privacidad\/","url":"https:\/\/360advisoring.com\/en\/politica-privacidad\/","name":"Pol\u00edtica de privacidad","isPartOf":{"@id":"https:\/\/360advisoring.com\/#website"},"datePublished":"2020-12-01T15:37:05+00:00","dateModified":"2020-12-01T15:37:05+00:00","description":"Pol\u00edtica de Privacidad y CookiesLa privacidad es de gran importancia para 360 Advisoring y queremos mantener una actitud abierta y transparente al tratar","breadcrumb":{"@id":"https:\/\/360advisoring.com\/en\/politica-privacidad\/#breadcrumb"},"inLanguage":"en-US","potentialAction":[{"@type":"ReadAction","target":["https:\/\/360advisoring.com\/en\/politica-privacidad\/"]}]},{"@type":"BreadcrumbList","@id":"https:\/\/360advisoring.com\/en\/politica-privacidad\/#breadcrumb","itemListElement":[{"@type":"ListItem","position":1,"name":"Portada","item":"https:\/\/360advisoring.com\/en\/"},{"@type":"ListItem","position":2,"name":"Pol\u00edtica de privacidad"}]},{"@type":"WebSite","@id":"https:\/\/360advisoring.com\/#website","url":"https:\/\/360advisoring.com\/","name":"advisoring360","description":"Gestor&iacute;a y Asesor&iacute;a.","potentialAction":[{"@type":"SearchAction","target":{"@type":"EntryPoint","urlTemplate":"https:\/\/360advisoring.com\/?s={search_term_string}"},"query-input":"required name=search_term_string"}],"inLanguage":"en-US"}]}},"_links":{"self":[{"href":"https:\/\/360advisoring.com\/en\/wp-json\/wp\/v2\/pages\/2125"}],"collection":[{"href":"https:\/\/360advisoring.com\/en\/wp-json\/wp\/v2\/pages"}],"about":[{"href":"https:\/\/360advisoring.com\/en\/wp-json\/wp\/v2\/types\/page"}],"author":[{"embeddable":true,"href":"https:\/\/360advisoring.com\/en\/wp-json\/wp\/v2\/users\/1"}],"replies":[{"embeddable":true,"href":"https:\/\/360advisoring.com\/en\/wp-json\/wp\/v2\/comments?post=2125"}],"version-history":[{"count":0,"href":"https:\/\/360advisoring.com\/en\/wp-json\/wp\/v2\/pages\/2125\/revisions"}],"wp:attachment":[{"href":"https:\/\/360advisoring.com\/en\/wp-json\/wp\/v2\/media?parent=2125"}],"curies":[{"name":"wp","href":"https:\/\/api.w.org\/{rel}","templated":true}]}}