{"id":1455,"date":"2020-12-01T15:59:01","date_gmt":"2020-12-01T15:59:01","guid":{"rendered":"https:\/\/360advisoring.com\/inicio\/"},"modified":"2022-11-14T13:14:32","modified_gmt":"2022-11-14T13:14:32","slug":"home","status":"publish","type":"page","link":"https:\/\/360advisoring.com\/en\/","title":{"rendered":"Home"},"content":{"rendered":"<h1>Welcome to <br \/>360\u00ba ADVISORING<\/h1>\n<h2>Your personal advisor in ANDORRA<\/h2>\n<h4>\n\t\t\t\t\t\tProfessionalism and Commitment<br \/>\n\t\t\t\t<\/h4>\n<h4>\n\t\t\t\t\t\tTrust and <br \/>Honesty<br \/>\n\t\t\t\t<\/h4>\n<h4>\n\t\t\t\t\t\tClose and Personalized Treatment<br \/>\n\t\t\t\t<\/h4>\n<h4>\n\t\t\t\t\t\tEfficiency and <br \/>Satisfaction<br \/>\n\t\t\t\t<\/h4>\n<p>\t\t\t\t\t\t\t\t\t\t\t\t<img src=\"https:\/\/360advisoring.com\/wp-content\/uploads\/elementor\/thumbs\/finishing-to-successful-deal-of-real-estate-pwk26i9pc7e78w5ghh5njc9alz9h2yvzbg980mpqo0.jpg\" title=\"Finishing to successful deal of real estate\" alt=\"Finishing to successful deal of real estate\" \/><br \/>\n\t\t\t360 advisoring\t\t<\/p>\n<h2>Living in Andorra, we accompany you throughout the whole process<\/h2>\n<p>The most important thing for us is people. We know the importance of moving to another country and the implications for your family. Our priority is to give you a close, personalized and professional service and to accompany you throughout the process to achieve your total satisfaction.<\/p>\n<p>\t\t\tWHAT DO WE OFFER?\t\t<\/p>\n<h2>Our Services<\/h2>\n<h4>\n\t\t\t\t\t\tResiding in <br \/> Andorra<br \/>\n\t\t\t\t<\/h4>\n<h4>\n\t\t\t\t\t\tCreate a <br \/> Company<br \/>\n\t\t\t\t<\/h4>\n<h4>\n\t\t\t\t\t\tReal Estate &#038; Architecture<br \/>\n\t\t\t\t<\/h4>\n<h4>\n\t\t\t\t\t\tWealth <br \/>Management<br \/>\n\t\t\t\t<\/h4>\n<p>\t\t\tBlog\t\t<\/p>\n<h2>Latest News<br \/>\n<\/h2>\n<h2>We solve your doubts<\/h2>\n<p>Tell us about your situation and we will present you the most appropriate solution.<\/p>\n<p>\t\t\t<a role=\"button\"><br \/>\n\t\t\t\t\t\tContact us<br \/>\n\t\t\t\t\t<\/a><\/p>\n","protected":false},"excerpt":{"rendered":"<p>Welcome to 360\u00ba ADVISORING Your personal advisor in ANDORRA Professionalism and Commitment Trust and Honesty Close and Personalized Treatment Efficiency and Satisfaction 360 advisoring Living in Andorra, we accompany you throughout the whole process The most important thing for us is people. We know the importance of moving to another country and the implications for [&hellip;]<\/p>\n","protected":false},"author":1,"featured_media":1296,"parent":0,"menu_order":0,"comment_status":"closed","ping_status":"closed","template":"elementor_header_footer","meta":[],"yoast_head":"<!-- This site is optimized with the Yoast SEO plugin v19.9 - https:\/\/yoast.com\/wordpress\/plugins\/seo\/ -->\n<title>360Advisoring | Gestor\u00eda y Asesor\u00eda.<\/title>\n<meta name=\"description\" content=\"Ofrecemos gran variedad de servicios, que van desde el establecimiento de residencias en Andorra, inversi\u00f3n extranjera, creaci\u00f3n de empresas, gesti\u00f3n contable y fiscal y asesoramiento en la Gesti\u00f3n de Patrimonios.\" \/>\n<meta name=\"robots\" content=\"index, follow, max-snippet:-1, max-image-preview:large, max-video-preview:-1\" \/>\n<link rel=\"canonical\" href=\"https:\/\/360advisoring.com\/en\/\" \/>\n<meta property=\"og:locale\" content=\"en_US\" \/>\n<meta property=\"og:type\" content=\"article\" \/>\n<meta property=\"og:title\" content=\"360Advisoring | Gestor\u00eda y Asesor\u00eda.\" \/>\n<meta property=\"og:description\" content=\"Ofrecemos gran variedad de servicios, que van desde el establecimiento de residencias en Andorra, inversi\u00f3n extranjera, creaci\u00f3n de empresas, gesti\u00f3n contable y fiscal y asesoramiento en la Gesti\u00f3n de Patrimonios.\" \/>\n<meta property=\"og:url\" content=\"https:\/\/360advisoring.com\/en\/\" \/>\n<meta property=\"og:site_name\" content=\"advisoring360\" \/>\n<meta property=\"article:modified_time\" content=\"2022-11-14T13:14:32+00:00\" \/>\n<meta property=\"og:image\" content=\"https:\/\/360advisoring.com\/wp-content\/uploads\/2022\/10\/logo-meta-360advisoring.png\" \/>\n\t<meta property=\"og:image:width\" content=\"512\" \/>\n\t<meta property=\"og:image:height\" content=\"512\" \/>\n\t<meta property=\"og:image:type\" content=\"image\/png\" \/>\n<meta name=\"twitter:card\" content=\"summary_large_image\" \/>\n<meta name=\"twitter:label1\" content=\"Est. reading time\" \/>\n\t<meta name=\"twitter:data1\" content=\"2 minutes\" \/>\n<script type=\"application\/ld+json\" class=\"yoast-schema-graph\">{\"@context\":\"https:\/\/schema.org\",\"@graph\":[{\"@type\":\"WebPage\",\"@id\":\"https:\/\/360advisoring.com\/en\/\",\"url\":\"https:\/\/360advisoring.com\/en\/\",\"name\":\"360Advisoring | Gestor\u00eda y Asesor\u00eda.\",\"isPartOf\":{\"@id\":\"https:\/\/360advisoring.com\/#website\"},\"datePublished\":\"2020-12-01T15:59:01+00:00\",\"dateModified\":\"2022-11-14T13:14:32+00:00\",\"description\":\"Ofrecemos gran variedad de servicios, que van desde el establecimiento de residencias en Andorra, inversi\u00f3n extranjera, creaci\u00f3n de empresas, gesti\u00f3n contable y fiscal y asesoramiento en la Gesti\u00f3n de Patrimonios.\",\"breadcrumb\":{\"@id\":\"https:\/\/360advisoring.com\/en\/#breadcrumb\"},\"inLanguage\":\"en-US\",\"potentialAction\":[{\"@type\":\"ReadAction\",\"target\":[\"https:\/\/360advisoring.com\/en\/\"]}]},{\"@type\":\"BreadcrumbList\",\"@id\":\"https:\/\/360advisoring.com\/en\/#breadcrumb\",\"itemListElement\":[{\"@type\":\"ListItem\",\"position\":1,\"name\":\"Portada\",\"item\":\"https:\/\/360advisoring.com\/en\/\"},{\"@type\":\"ListItem\",\"position\":2,\"name\":\"Home\"}]},{\"@type\":\"WebSite\",\"@id\":\"https:\/\/360advisoring.com\/#website\",\"url\":\"https:\/\/360advisoring.com\/\",\"name\":\"advisoring360\",\"description\":\"Gestor&iacute;a y Asesor&iacute;a.\",\"potentialAction\":[{\"@type\":\"SearchAction\",\"target\":{\"@type\":\"EntryPoint\",\"urlTemplate\":\"https:\/\/360advisoring.com\/?s={search_term_string}\"},\"query-input\":\"required name=search_term_string\"}],\"inLanguage\":\"en-US\"}]}<\/script>\n<!-- \/ Yoast SEO plugin. -->","yoast_head_json":{"title":"360Advisoring | Gestor\u00eda y Asesor\u00eda.","description":"Ofrecemos gran variedad de servicios, que van desde el establecimiento de residencias en Andorra, inversi\u00f3n extranjera, creaci\u00f3n de empresas, gesti\u00f3n contable y fiscal y asesoramiento en la Gesti\u00f3n de Patrimonios.","robots":{"index":"index","follow":"follow","max-snippet":"max-snippet:-1","max-image-preview":"max-image-preview:large","max-video-preview":"max-video-preview:-1"},"canonical":"https:\/\/360advisoring.com\/en\/","og_locale":"en_US","og_type":"article","og_title":"360Advisoring | Gestor\u00eda y Asesor\u00eda.","og_description":"Ofrecemos gran variedad de servicios, que van desde el establecimiento de residencias en Andorra, inversi\u00f3n extranjera, creaci\u00f3n de empresas, gesti\u00f3n contable y fiscal y asesoramiento en la Gesti\u00f3n de Patrimonios.","og_url":"https:\/\/360advisoring.com\/en\/","og_site_name":"advisoring360","article_modified_time":"2022-11-14T13:14:32+00:00","og_image":[{"width":512,"height":512,"url":"https:\/\/360advisoring.com\/wp-content\/uploads\/2022\/10\/logo-meta-360advisoring.png","type":"image\/png"}],"twitter_card":"summary_large_image","twitter_misc":{"Est. reading time":"2 minutes"},"schema":{"@context":"https:\/\/schema.org","@graph":[{"@type":"WebPage","@id":"https:\/\/360advisoring.com\/en\/","url":"https:\/\/360advisoring.com\/en\/","name":"360Advisoring | Gestor\u00eda y Asesor\u00eda.","isPartOf":{"@id":"https:\/\/360advisoring.com\/#website"},"datePublished":"2020-12-01T15:59:01+00:00","dateModified":"2022-11-14T13:14:32+00:00","description":"Ofrecemos gran variedad de servicios, que van desde el establecimiento de residencias en Andorra, inversi\u00f3n extranjera, creaci\u00f3n de empresas, gesti\u00f3n contable y fiscal y asesoramiento en la Gesti\u00f3n de Patrimonios.","breadcrumb":{"@id":"https:\/\/360advisoring.com\/en\/#breadcrumb"},"inLanguage":"en-US","potentialAction":[{"@type":"ReadAction","target":["https:\/\/360advisoring.com\/en\/"]}]},{"@type":"BreadcrumbList","@id":"https:\/\/360advisoring.com\/en\/#breadcrumb","itemListElement":[{"@type":"ListItem","position":1,"name":"Portada","item":"https:\/\/360advisoring.com\/en\/"},{"@type":"ListItem","position":2,"name":"Home"}]},{"@type":"WebSite","@id":"https:\/\/360advisoring.com\/#website","url":"https:\/\/360advisoring.com\/","name":"advisoring360","description":"Gestor&iacute;a y Asesor&iacute;a.","potentialAction":[{"@type":"SearchAction","target":{"@type":"EntryPoint","urlTemplate":"https:\/\/360advisoring.com\/?s={search_term_string}"},"query-input":"required name=search_term_string"}],"inLanguage":"en-US"}]}},"_links":{"self":[{"href":"https:\/\/360advisoring.com\/en\/wp-json\/wp\/v2\/pages\/1455"}],"collection":[{"href":"https:\/\/360advisoring.com\/en\/wp-json\/wp\/v2\/pages"}],"about":[{"href":"https:\/\/360advisoring.com\/en\/wp-json\/wp\/v2\/types\/page"}],"author":[{"embeddable":true,"href":"https:\/\/360advisoring.com\/en\/wp-json\/wp\/v2\/users\/1"}],"replies":[{"embeddable":true,"href":"https:\/\/360advisoring.com\/en\/wp-json\/wp\/v2\/comments?post=1455"}],"version-history":[{"count":32,"href":"https:\/\/360advisoring.com\/en\/wp-json\/wp\/v2\/pages\/1455\/revisions"}],"predecessor-version":[{"id":2168,"href":"https:\/\/360advisoring.com\/en\/wp-json\/wp\/v2\/pages\/1455\/revisions\/2168"}],"wp:featuredmedia":[{"embeddable":true,"href":"https:\/\/360advisoring.com\/en\/wp-json\/wp\/v2\/media\/1296"}],"wp:attachment":[{"href":"https:\/\/360advisoring.com\/en\/wp-json\/wp\/v2\/media?parent=1455"}],"curies":[{"name":"wp","href":"https:\/\/api.w.org\/{rel}","templated":true}]}}